{"id":93,"date":"2022-08-31T19:00:28","date_gmt":"2022-08-31T17:00:28","guid":{"rendered":"http:\/\/localhost\/solilawi\/?page_id=93"},"modified":"2022-10-09T10:57:53","modified_gmt":"2022-10-09T08:57:53","slug":"unser-hof","status":"publish","type":"page","link":"https:\/\/www.solidarischer-hof-wybelsum.de\/?page_id=93","title":{"rendered":"Unser Hof"},"content":{"rendered":"\t\t<div data-elementor-type=\"wp-page\" data-elementor-id=\"93\" class=\"elementor elementor-93\">\n\t\t\t\t\t\t\t\t\t<section class=\"elementor-section elementor-top-section elementor-element elementor-element-c105168 elementor-section-boxed elementor-section-height-default elementor-section-height-default\" data-id=\"c105168\" data-element_type=\"section\">\n\t\t\t\t\t\t<div class=\"elementor-container elementor-column-gap-default\">\n\t\t\t\t\t<div class=\"elementor-column elementor-col-100 elementor-top-column elementor-element elementor-element-8a129c6\" data-id=\"8a129c6\" data-element_type=\"column\">\n\t\t\t<div class=\"elementor-widget-wrap elementor-element-populated\">\n\t\t\t\t\t\t\t\t<div class=\"elementor-element elementor-element-0cd12d6 elementor-widget elementor-widget-heading\" data-id=\"0cd12d6\" data-element_type=\"widget\" data-widget_type=\"heading.default\">\n\t\t\t\t<div class=\"elementor-widget-container\">\n\t\t\t<style>\/*! elementor - v3.16.0 - 09-10-2023 *\/\n.elementor-heading-title{padding:0;margin:0;line-height:1}.elementor-widget-heading .elementor-heading-title[class*=elementor-size-]>a{color:inherit;font-size:inherit;line-height:inherit}.elementor-widget-heading .elementor-heading-title.elementor-size-small{font-size:15px}.elementor-widget-heading .elementor-heading-title.elementor-size-medium{font-size:19px}.elementor-widget-heading .elementor-heading-title.elementor-size-large{font-size:29px}.elementor-widget-heading .elementor-heading-title.elementor-size-xl{font-size:39px}.elementor-widget-heading .elementor-heading-title.elementor-size-xxl{font-size:59px}<\/style><h2 class=\"elementor-heading-title elementor-size-default\">Unser Hof<\/h2>\t\t<\/div>\n\t\t\t\t<\/div>\n\t\t\t\t\t<\/div>\n\t\t<\/div>\n\t\t\t\t\t\t\t<\/div>\n\t\t<\/section>\n\t\t\t\t<section class=\"elementor-section elementor-top-section elementor-element elementor-element-46e8ef63 elementor-section-boxed elementor-section-height-default elementor-section-height-default\" data-id=\"46e8ef63\" data-element_type=\"section\">\n\t\t\t\t\t\t<div class=\"elementor-container elementor-column-gap-default\">\n\t\t\t\t\t<div class=\"elementor-column elementor-col-100 elementor-top-column elementor-element elementor-element-331a3958\" data-id=\"331a3958\" data-element_type=\"column\">\n\t\t\t<div class=\"elementor-widget-wrap elementor-element-populated\">\n\t\t\t\t\t\t\t\t<div class=\"elementor-element elementor-element-584205ee elementor-widget elementor-widget-text-editor\" data-id=\"584205ee\" data-element_type=\"widget\" data-widget_type=\"text-editor.default\">\n\t\t\t\t<div class=\"elementor-widget-container\">\n\t\t\t<style>\/*! elementor - v3.16.0 - 09-10-2023 *\/\n.elementor-widget-text-editor.elementor-drop-cap-view-stacked .elementor-drop-cap{background-color:#69727d;color:#fff}.elementor-widget-text-editor.elementor-drop-cap-view-framed .elementor-drop-cap{color:#69727d;border:3px solid;background-color:transparent}.elementor-widget-text-editor:not(.elementor-drop-cap-view-default) .elementor-drop-cap{margin-top:8px}.elementor-widget-text-editor:not(.elementor-drop-cap-view-default) .elementor-drop-cap-letter{width:1em;height:1em}.elementor-widget-text-editor .elementor-drop-cap{float:left;text-align:center;line-height:1;font-size:50px}.elementor-widget-text-editor .elementor-drop-cap-letter{display:inline-block}<\/style>\t\t\t\t<p><!-- wp:group --><\/p>\n<div class=\"wp-block-group\">\n<p><!-- wp:metaslider\/slider {\"slideshowId\":85,\"stretch\":\"full\"} --><\/p>\n<div class=\"alignfull\">&nbsp;<\/div>\n<p><!-- \/wp:metaslider\/slider --><\/p>\n<\/div>\n<p><!-- \/wp:group --><\/p>\n<p><!-- wp:heading {\"level\":3} --><\/p>\n<h3>&nbsp;<\/h3>\n<p><!-- \/wp:heading --><\/p>\n<p><!-- wp:paragraph --><\/p>\n<p>Der Solidarische Hof Wybelsum ist ein kleiner Demeter-Betrieb, der seit den 1960er Jahren nach biologisch-dynamischen Richtlinien bewirtschaftet wird. Er war der erste Betrieb, der in Ostfriesland nach Demeter-Richtlinien arbeitete.<\/p>\n<p>Wir haben einen weitgehend geschlossenen Hofkreislauf. Die Tiere bekommen das Futter zu fressen, was auf dem Land w\u00e4chst und produzieren guten D\u00fcnger f\u00fcr eine Vielfalt an Gem\u00fcse und Getreide. Eine gute Fruchtfolge sorgt f\u00fcr einen gesunden Boden.<\/p>\n<p>Auf etwa 18 ha Land direkt hinter dem Deich zum Dollart wachsen unser Feingem\u00fcse, Kartoffeln und Getreide, daneben grast unsere kleine Mutterkuhherde. Unsere Legehennen mit ihren H\u00e4hnen leben im Mobilstall und beweiden im Rotationsverfahren den Gem\u00fcseacker.<\/p>\n<p><!-- \/wp:paragraph --><\/p>\n<p><!-- wp:html --><br><iframe loading=\"lazy\" style=\"border: 0;\" src=\"https:\/\/www.google.com\/maps\/embed?pb=!1m14!1m8!1m3!1d1307.9855781742801!2d7.1079269970029735!3d53.35045367422867!3m2!1i1024!2i768!4f13.1!3m3!1m2!1s0x47b6319d670974e1%3A0x863534acd111c555!2sSolidarischer%20-%20Hof%20-%20Wybelsum!5e0!3m2!1sde!2sde!4v1661970787679!5m2!1sde!2sde\" width=\"600\" height=\"450\" allowfullscreen=\"allowfullscreen\"><\/iframe><br><!-- \/wp:html --><\/p>\t\t\t\t\t\t<\/div>\n\t\t\t\t<\/div>\n\t\t\t\t\t<\/div>\n\t\t<\/div>\n\t\t\t\t\t\t\t<\/div>\n\t\t<\/section>\n\t\t\t\t\t\t\t<\/div>\n\t\t","protected":false},"excerpt":{"rendered":"<p>Unser Hof &nbsp; Der Solidarische Hof Wybelsum ist ein kleiner Demeter-Betrieb, der seit den 1960er Jahren nach biologisch-dynamischen Richtlinien bewirtschaftet wird. Er war der erste Betrieb, der in Ostfriesland nach Demeter-Richtlinien arbeitete. Wir haben einen weitgehend geschlossenen Hofkreislauf. Die Tiere bekommen das Futter zu fressen, was auf dem Land w\u00e4chst und produzieren guten D\u00fcnger f\u00fcr eine Vielfalt an Gem\u00fcse und&#8230;<\/p>\n","protected":false},"author":1,"featured_media":0,"parent":0,"menu_order":0,"comment_status":"closed","ping_status":"closed","template":"page-templates\/full-width-container.php","meta":{"footnotes":""},"class_list":["post-93","page","type-page","status-publish","hentry"],"_links":{"self":[{"href":"https:\/\/www.solidarischer-hof-wybelsum.de\/index.php?rest_route=\/wp\/v2\/pages\/93","targetHints":{"allow":["GET"]}}],"collection":[{"href":"https:\/\/www.solidarischer-hof-wybelsum.de\/index.php?rest_route=\/wp\/v2\/pages"}],"about":[{"href":"https:\/\/www.solidarischer-hof-wybelsum.de\/index.php?rest_route=\/wp\/v2\/types\/page"}],"author":[{"embeddable":true,"href":"https:\/\/www.solidarischer-hof-wybelsum.de\/index.php?rest_route=\/wp\/v2\/users\/1"}],"replies":[{"embeddable":true,"href":"https:\/\/www.solidarischer-hof-wybelsum.de\/index.php?rest_route=%2Fwp%2Fv2%2Fcomments&post=93"}],"version-history":[{"count":26,"href":"https:\/\/www.solidarischer-hof-wybelsum.de\/index.php?rest_route=\/wp\/v2\/pages\/93\/revisions"}],"predecessor-version":[{"id":1148,"href":"https:\/\/www.solidarischer-hof-wybelsum.de\/index.php?rest_route=\/wp\/v2\/pages\/93\/revisions\/1148"}],"wp:attachment":[{"href":"https:\/\/www.solidarischer-hof-wybelsum.de\/index.php?rest_route=%2Fwp%2Fv2%2Fmedia&parent=93"}],"curies":[{"name":"wp","href":"https:\/\/api.w.org\/{rel}","templated":true}]}}