{"id":892,"date":"2022-09-22T15:39:49","date_gmt":"2022-09-22T13:39:49","guid":{"rendered":"https:\/\/localhost\/solilawi\/?page_id=892"},"modified":"2024-11-06T11:35:12","modified_gmt":"2024-11-06T10:35:12","slug":"unser-hofleben","status":"publish","type":"page","link":"https:\/\/www.solidarischer-hof-wybelsum.de\/?page_id=892","title":{"rendered":"Unser Hofleben"},"content":{"rendered":"\t\t<div data-elementor-type=\"wp-page\" data-elementor-id=\"892\" class=\"elementor elementor-892\">\n\t\t\t\t\t\t\t\t\t<section class=\"elementor-section elementor-top-section elementor-element elementor-element-18f90851 elementor-section-boxed elementor-section-height-default elementor-section-height-default\" data-id=\"18f90851\" data-element_type=\"section\">\n\t\t\t\t\t\t<div class=\"elementor-container elementor-column-gap-default\">\n\t\t\t\t\t<div class=\"elementor-column elementor-col-100 elementor-top-column elementor-element elementor-element-4a224c5f\" data-id=\"4a224c5f\" data-element_type=\"column\">\n\t\t\t<div class=\"elementor-widget-wrap elementor-element-populated\">\n\t\t\t\t\t\t\t\t<div class=\"elementor-element elementor-element-592f3192 elementor-widget elementor-widget-text-editor\" data-id=\"592f3192\" data-element_type=\"widget\" data-widget_type=\"text-editor.default\">\n\t\t\t\t<div class=\"elementor-widget-container\">\n\t\t\t<style>\/*! elementor - v3.16.0 - 09-10-2023 *\/\n.elementor-widget-text-editor.elementor-drop-cap-view-stacked .elementor-drop-cap{background-color:#69727d;color:#fff}.elementor-widget-text-editor.elementor-drop-cap-view-framed .elementor-drop-cap{color:#69727d;border:3px solid;background-color:transparent}.elementor-widget-text-editor:not(.elementor-drop-cap-view-default) .elementor-drop-cap{margin-top:8px}.elementor-widget-text-editor:not(.elementor-drop-cap-view-default) .elementor-drop-cap-letter{width:1em;height:1em}.elementor-widget-text-editor .elementor-drop-cap{float:left;text-align:center;line-height:1;font-size:50px}.elementor-widget-text-editor .elementor-drop-cap-letter{display:inline-block}<\/style>\t\t\t\t<!-- wp:heading -->\n<h2><\/h2>\n<!-- \/wp:heading -->\t\t\t\t\t\t<\/div>\n\t\t\t\t<\/div>\n\t\t\t\t\t<\/div>\n\t\t<\/div>\n\t\t\t\t\t\t\t<\/div>\n\t\t<\/section>\n\t\t\t\t<section class=\"elementor-section elementor-top-section elementor-element elementor-element-6e3248d elementor-section-boxed elementor-section-height-default elementor-section-height-default\" data-id=\"6e3248d\" data-element_type=\"section\">\n\t\t\t\t\t\t<div class=\"elementor-container elementor-column-gap-default\">\n\t\t\t\t\t<div class=\"elementor-column elementor-col-100 elementor-top-column elementor-element elementor-element-fd0660a\" data-id=\"fd0660a\" data-element_type=\"column\">\n\t\t\t<div class=\"elementor-widget-wrap elementor-element-populated\">\n\t\t\t\t\t\t\t\t<div class=\"elementor-element elementor-element-1e36fb6 elementor-widget elementor-widget-heading\" data-id=\"1e36fb6\" data-element_type=\"widget\" data-widget_type=\"heading.default\">\n\t\t\t\t<div class=\"elementor-widget-container\">\n\t\t\t<style>\/*! elementor - v3.16.0 - 09-10-2023 *\/\n.elementor-heading-title{padding:0;margin:0;line-height:1}.elementor-widget-heading .elementor-heading-title[class*=elementor-size-]>a{color:inherit;font-size:inherit;line-height:inherit}.elementor-widget-heading .elementor-heading-title.elementor-size-small{font-size:15px}.elementor-widget-heading .elementor-heading-title.elementor-size-medium{font-size:19px}.elementor-widget-heading .elementor-heading-title.elementor-size-large{font-size:29px}.elementor-widget-heading .elementor-heading-title.elementor-size-xl{font-size:39px}.elementor-widget-heading .elementor-heading-title.elementor-size-xxl{font-size:59px}<\/style><h2 class=\"elementor-heading-title elementor-size-default\">Sauerkraut f\u00fcr die Solihof-Mitglieder<\/h2>\t\t<\/div>\n\t\t\t\t<\/div>\n\t\t\t\t\t<\/div>\n\t\t<\/div>\n\t\t\t\t\t\t\t<\/div>\n\t\t<\/section>\n\t\t\t\t<section class=\"elementor-section elementor-top-section elementor-element elementor-element-4fdd2ca elementor-section-boxed elementor-section-height-default elementor-section-height-default\" data-id=\"4fdd2ca\" data-element_type=\"section\">\n\t\t\t\t\t\t<div class=\"elementor-container elementor-column-gap-default\">\n\t\t\t\t\t<div class=\"elementor-column elementor-col-100 elementor-top-column elementor-element elementor-element-489385f\" data-id=\"489385f\" data-element_type=\"column\">\n\t\t\t<div class=\"elementor-widget-wrap elementor-element-populated\">\n\t\t\t\t\t\t\t\t<div class=\"elementor-element elementor-element-f381c1c elementor-widget elementor-widget-text-editor\" data-id=\"f381c1c\" data-element_type=\"widget\" data-widget_type=\"text-editor.default\">\n\t\t\t\t<div class=\"elementor-widget-container\">\n\t\t\t\t\t\t\t<p>Samstag, den 12.11.2022: Heute trafen sich 11 Solawi-Mitglieder, um Sauerkraut herzustellen. Insgesamt \u00fcber 200 kg Filderkohl standen zur Verf\u00fcgung. Diese Kohlsorte ist besonders zart und eignet sich daher sehr gut f\u00fcrs Sauerkraut.\u00a0<\/p>\n<p>Die F\u00e4sser und alle Ger\u00e4te zur Herstellung waren sehr sorgf\u00e4ltig gereinigt, denn jede Verunreinigung kann dazu f\u00fchren, dass der G\u00e4rvorgang abgebrochen wird und das Kraut verdirbt.<\/p>\n<p>Nachdem die \u00e4u\u00dferen Bl\u00e4tter entfernt waren, wurde der Kohl gehobelt. Nach der Zugabe von Salz kam das Vermengen, damit sich das Salz verteilt.\u00a0 Nun wurde die Kohlemenge portionsweise in die F\u00e4sser gegeben und zerstampft. Letzteres f\u00f6rdert zusammen mit dem Salz den G\u00e4rvorgang. Zum Abschluss kamen noch als Abdeckung mehrere Kohlbl\u00e4tter und Steine zum Beschweren des Kohls. Nach sechs Wochen sollte das Sauerkraut fertig sein. Zum Abschluss gab es Tee, Kaffee und Kuchen.<\/p>\t\t\t\t\t\t<\/div>\n\t\t\t\t<\/div>\n\t\t\t\t\t<\/div>\n\t\t<\/div>\n\t\t\t\t\t\t\t<\/div>\n\t\t<\/section>\n\t\t\t\t<section class=\"elementor-section elementor-top-section elementor-element elementor-element-cf5f950 elementor-section-boxed elementor-section-height-default elementor-section-height-default\" data-id=\"cf5f950\" data-element_type=\"section\">\n\t\t\t\t\t\t<div class=\"elementor-container elementor-column-gap-default\">\n\t\t\t\t\t<div class=\"elementor-column elementor-col-33 elementor-top-column elementor-element elementor-element-4fc41cc\" data-id=\"4fc41cc\" data-element_type=\"column\">\n\t\t\t<div class=\"elementor-widget-wrap elementor-element-populated\">\n\t\t\t\t\t\t\t\t<div class=\"elementor-element elementor-element-5e86478 elementor-widget elementor-widget-image\" data-id=\"5e86478\" data-element_type=\"widget\" data-widget_type=\"image.default\">\n\t\t\t\t<div class=\"elementor-widget-container\">\n\t\t\t<style>\/*! elementor - v3.16.0 - 09-10-2023 *\/\n.elementor-widget-image{text-align:center}.elementor-widget-image a{display:inline-block}.elementor-widget-image a img[src$=\".svg\"]{width:48px}.elementor-widget-image img{vertical-align:middle;display:inline-block}<\/style>\t\t\t\t\t\t\t\t\t<figure class=\"wp-caption\">\n\t\t\t\t\t\t\t\t\t\t<img loading=\"lazy\" decoding=\"async\" width=\"300\" height=\"236\" src=\"https:\/\/www.solidarischer-hof-wybelsum.de\/wp-content\/uploads\/2022\/11\/IMG_5084kopieklein-300x236.jpg\" class=\"attachment-medium size-medium wp-image-1613\" alt=\"\" srcset=\"https:\/\/www.solidarischer-hof-wybelsum.de\/wp-content\/uploads\/2022\/11\/IMG_5084kopieklein-300x236.jpg 300w, https:\/\/www.solidarischer-hof-wybelsum.de\/wp-content\/uploads\/2022\/11\/IMG_5084kopieklein.jpg 576w\" sizes=\"auto, (max-width: 300px) 100vw, 300px\" \/>\t\t\t\t\t\t\t\t\t\t\t<figcaption class=\"widget-image-caption wp-caption-text\">Alle F\u00e4sser und Deckel  m\u00fcssen vor Verunreinigungen gesch\u00fctzt werden. <\/figcaption>\n\t\t\t\t\t\t\t\t\t\t<\/figure>\n\t\t\t\t\t\t\t\t\t<\/div>\n\t\t\t\t<\/div>\n\t\t\t\t\t<\/div>\n\t\t<\/div>\n\t\t\t\t<div class=\"elementor-column elementor-col-33 elementor-top-column elementor-element elementor-element-2edd470\" data-id=\"2edd470\" data-element_type=\"column\">\n\t\t\t<div class=\"elementor-widget-wrap elementor-element-populated\">\n\t\t\t\t\t\t\t\t<div class=\"elementor-element elementor-element-376f5d1 elementor-widget elementor-widget-image\" data-id=\"376f5d1\" data-element_type=\"widget\" data-widget_type=\"image.default\">\n\t\t\t\t<div class=\"elementor-widget-container\">\n\t\t\t\t\t\t\t\t\t\t\t\t\t\t\t<img loading=\"lazy\" decoding=\"async\" width=\"225\" height=\"300\" src=\"https:\/\/www.solidarischer-hof-wybelsum.de\/wp-content\/uploads\/2022\/11\/IMG_5085klein-225x300.jpg\" class=\"attachment-medium size-medium wp-image-1598\" alt=\"\" srcset=\"https:\/\/www.solidarischer-hof-wybelsum.de\/wp-content\/uploads\/2022\/11\/IMG_5085klein-225x300.jpg 225w, https:\/\/www.solidarischer-hof-wybelsum.de\/wp-content\/uploads\/2022\/11\/IMG_5085klein-rotated.jpg 443w\" sizes=\"auto, (max-width: 225px) 100vw, 225px\" \/>\t\t\t\t\t\t\t\t\t\t\t\t\t\t\t<\/div>\n\t\t\t\t<\/div>\n\t\t\t\t\t<\/div>\n\t\t<\/div>\n\t\t\t\t<div class=\"elementor-column elementor-col-33 elementor-top-column elementor-element elementor-element-1abdf9b\" data-id=\"1abdf9b\" data-element_type=\"column\">\n\t\t\t<div class=\"elementor-widget-wrap elementor-element-populated\">\n\t\t\t\t\t\t\t\t<div class=\"elementor-element elementor-element-f06b10b elementor-widget elementor-widget-image\" data-id=\"f06b10b\" data-element_type=\"widget\" data-widget_type=\"image.default\">\n\t\t\t\t<div class=\"elementor-widget-container\">\n\t\t\t\t\t\t\t\t\t\t\t\t\t\t\t<img loading=\"lazy\" decoding=\"async\" width=\"443\" height=\"591\" src=\"https:\/\/www.solidarischer-hof-wybelsum.de\/wp-content\/uploads\/2022\/11\/IMG_5099klein-rotated.jpg\" class=\"attachment-large size-large wp-image-1602\" alt=\"\" srcset=\"https:\/\/www.solidarischer-hof-wybelsum.de\/wp-content\/uploads\/2022\/11\/IMG_5099klein-rotated.jpg 443w, https:\/\/www.solidarischer-hof-wybelsum.de\/wp-content\/uploads\/2022\/11\/IMG_5099klein-225x300.jpg 225w\" sizes=\"auto, (max-width: 443px) 100vw, 443px\" \/>\t\t\t\t\t\t\t\t\t\t\t\t\t\t\t<\/div>\n\t\t\t\t<\/div>\n\t\t\t\t\t<\/div>\n\t\t<\/div>\n\t\t\t\t\t\t\t<\/div>\n\t\t<\/section>\n\t\t\t\t<section class=\"elementor-section elementor-top-section elementor-element elementor-element-cf2bf24 elementor-section-boxed elementor-section-height-default elementor-section-height-default\" data-id=\"cf2bf24\" data-element_type=\"section\">\n\t\t\t\t\t\t<div class=\"elementor-container elementor-column-gap-default\">\n\t\t\t\t\t<div class=\"elementor-column elementor-col-33 elementor-top-column elementor-element elementor-element-57bf2c8\" data-id=\"57bf2c8\" data-element_type=\"column\">\n\t\t\t<div class=\"elementor-widget-wrap elementor-element-populated\">\n\t\t\t\t\t\t\t\t<div class=\"elementor-element elementor-element-5f52524 elementor-widget elementor-widget-image\" data-id=\"5f52524\" data-element_type=\"widget\" data-widget_type=\"image.default\">\n\t\t\t\t<div class=\"elementor-widget-container\">\n\t\t\t\t\t\t\t\t\t\t\t\t<figure class=\"wp-caption\">\n\t\t\t\t\t\t\t\t\t\t<img loading=\"lazy\" decoding=\"async\" width=\"300\" height=\"225\" src=\"https:\/\/www.solidarischer-hof-wybelsum.de\/wp-content\/uploads\/2022\/11\/IMG_20221112_095103klein-300x225.jpg\" class=\"attachment-medium size-medium wp-image-1646\" alt=\"\" srcset=\"https:\/\/www.solidarischer-hof-wybelsum.de\/wp-content\/uploads\/2022\/11\/IMG_20221112_095103klein-300x225.jpg 300w, https:\/\/www.solidarischer-hof-wybelsum.de\/wp-content\/uploads\/2022\/11\/IMG_20221112_095103klein.jpg 591w\" sizes=\"auto, (max-width: 300px) 100vw, 300px\" \/>\t\t\t\t\t\t\t\t\t\t\t<figcaption class=\"widget-image-caption wp-caption-text\">Durch die viele Helfer:innen  kommt die Arbeit z\u00fcgig voran. <\/figcaption>\n\t\t\t\t\t\t\t\t\t\t<\/figure>\n\t\t\t\t\t\t\t\t\t<\/div>\n\t\t\t\t<\/div>\n\t\t\t\t\t<\/div>\n\t\t<\/div>\n\t\t\t\t<div class=\"elementor-column elementor-col-33 elementor-top-column elementor-element elementor-element-c6e289c\" data-id=\"c6e289c\" data-element_type=\"column\">\n\t\t\t<div class=\"elementor-widget-wrap elementor-element-populated\">\n\t\t\t\t\t\t\t\t<div class=\"elementor-element elementor-element-103ee33 elementor-widget elementor-widget-image\" data-id=\"103ee33\" data-element_type=\"widget\" data-widget_type=\"image.default\">\n\t\t\t\t<div class=\"elementor-widget-container\">\n\t\t\t\t\t\t\t\t\t\t\t\t\t\t\t<img loading=\"lazy\" decoding=\"async\" width=\"591\" height=\"443\" src=\"https:\/\/www.solidarischer-hof-wybelsum.de\/wp-content\/uploads\/2022\/11\/IMG_20221112_095049klein.jpg\" class=\"attachment-large size-large wp-image-1645\" alt=\"\" srcset=\"https:\/\/www.solidarischer-hof-wybelsum.de\/wp-content\/uploads\/2022\/11\/IMG_20221112_095049klein.jpg 591w, https:\/\/www.solidarischer-hof-wybelsum.de\/wp-content\/uploads\/2022\/11\/IMG_20221112_095049klein-300x225.jpg 300w\" sizes=\"auto, (max-width: 591px) 100vw, 591px\" \/>\t\t\t\t\t\t\t\t\t\t\t\t\t\t\t<\/div>\n\t\t\t\t<\/div>\n\t\t\t\t\t<\/div>\n\t\t<\/div>\n\t\t\t\t<div class=\"elementor-column elementor-col-33 elementor-top-column elementor-element elementor-element-d23e09c\" data-id=\"d23e09c\" data-element_type=\"column\">\n\t\t\t<div class=\"elementor-widget-wrap elementor-element-populated\">\n\t\t\t\t\t\t\t\t<div class=\"elementor-element elementor-element-400008d elementor-widget elementor-widget-image\" data-id=\"400008d\" data-element_type=\"widget\" data-widget_type=\"image.default\">\n\t\t\t\t<div class=\"elementor-widget-container\">\n\t\t\t\t\t\t\t\t\t\t\t\t\t\t\t<img loading=\"lazy\" decoding=\"async\" width=\"225\" height=\"300\" src=\"https:\/\/www.solidarischer-hof-wybelsum.de\/wp-content\/uploads\/2022\/11\/IMG_5091klein-225x300.jpg\" class=\"attachment-medium size-medium wp-image-1600\" alt=\"\" srcset=\"https:\/\/www.solidarischer-hof-wybelsum.de\/wp-content\/uploads\/2022\/11\/IMG_5091klein-225x300.jpg 225w, https:\/\/www.solidarischer-hof-wybelsum.de\/wp-content\/uploads\/2022\/11\/IMG_5091klein-rotated.jpg 443w\" sizes=\"auto, (max-width: 225px) 100vw, 225px\" \/>\t\t\t\t\t\t\t\t\t\t\t\t\t\t\t<\/div>\n\t\t\t\t<\/div>\n\t\t\t\t\t<\/div>\n\t\t<\/div>\n\t\t\t\t\t\t\t<\/div>\n\t\t<\/section>\n\t\t\t\t<section class=\"elementor-section elementor-top-section elementor-element elementor-element-347439a elementor-section-boxed elementor-section-height-default elementor-section-height-default\" data-id=\"347439a\" data-element_type=\"section\">\n\t\t\t\t\t\t<div class=\"elementor-container elementor-column-gap-default\">\n\t\t\t\t\t<div class=\"elementor-column elementor-col-25 elementor-top-column elementor-element elementor-element-e3aa0b9\" data-id=\"e3aa0b9\" data-element_type=\"column\">\n\t\t\t<div class=\"elementor-widget-wrap elementor-element-populated\">\n\t\t\t\t\t\t\t\t<div class=\"elementor-element elementor-element-6324d6b elementor-widget elementor-widget-image\" data-id=\"6324d6b\" data-element_type=\"widget\" data-widget_type=\"image.default\">\n\t\t\t\t<div class=\"elementor-widget-container\">\n\t\t\t\t\t\t\t\t\t\t\t\t\t\t\t<img loading=\"lazy\" decoding=\"async\" width=\"225\" height=\"300\" src=\"https:\/\/www.solidarischer-hof-wybelsum.de\/wp-content\/uploads\/2022\/11\/IMG_5095klein-225x300.jpg\" class=\"attachment-medium size-medium wp-image-1601\" alt=\"\" srcset=\"https:\/\/www.solidarischer-hof-wybelsum.de\/wp-content\/uploads\/2022\/11\/IMG_5095klein-225x300.jpg 225w, https:\/\/www.solidarischer-hof-wybelsum.de\/wp-content\/uploads\/2022\/11\/IMG_5095klein-rotated.jpg 443w\" sizes=\"auto, (max-width: 225px) 100vw, 225px\" \/>\t\t\t\t\t\t\t\t\t\t\t\t\t\t\t<\/div>\n\t\t\t\t<\/div>\n\t\t\t\t\t<\/div>\n\t\t<\/div>\n\t\t\t\t<div class=\"elementor-column elementor-col-25 elementor-top-column elementor-element elementor-element-e638d73\" data-id=\"e638d73\" data-element_type=\"column\">\n\t\t\t<div class=\"elementor-widget-wrap elementor-element-populated\">\n\t\t\t\t\t\t\t\t<div class=\"elementor-element elementor-element-b6b89ee elementor-widget elementor-widget-image\" data-id=\"b6b89ee\" data-element_type=\"widget\" data-widget_type=\"image.default\">\n\t\t\t\t<div class=\"elementor-widget-container\">\n\t\t\t\t\t\t\t\t\t\t\t\t<figure class=\"wp-caption\">\n\t\t\t\t\t\t\t\t\t\t<img loading=\"lazy\" decoding=\"async\" width=\"300\" height=\"225\" src=\"https:\/\/www.solidarischer-hof-wybelsum.de\/wp-content\/uploads\/2022\/11\/IMG_20221112_095302klein-300x225.jpg\" class=\"attachment-medium size-medium wp-image-1647\" alt=\"\" srcset=\"https:\/\/www.solidarischer-hof-wybelsum.de\/wp-content\/uploads\/2022\/11\/IMG_20221112_095302klein-300x225.jpg 300w, https:\/\/www.solidarischer-hof-wybelsum.de\/wp-content\/uploads\/2022\/11\/IMG_20221112_095302klein.jpg 591w\" sizes=\"auto, (max-width: 300px) 100vw, 300px\" \/>\t\t\t\t\t\t\t\t\t\t\t<figcaption class=\"widget-image-caption wp-caption-text\">Etwas Zucker (als G\u00e4rbeschleuniger) und Salz (je nach Geschmack) werden hinzugef\u00fcgt.<\/figcaption>\n\t\t\t\t\t\t\t\t\t\t<\/figure>\n\t\t\t\t\t\t\t\t\t<\/div>\n\t\t\t\t<\/div>\n\t\t\t\t\t<\/div>\n\t\t<\/div>\n\t\t\t\t<div class=\"elementor-column elementor-col-25 elementor-top-column elementor-element elementor-element-bda9abb\" data-id=\"bda9abb\" data-element_type=\"column\">\n\t\t\t<div class=\"elementor-widget-wrap elementor-element-populated\">\n\t\t\t\t\t\t\t\t<div class=\"elementor-element elementor-element-fba81c1 elementor-widget elementor-widget-image\" data-id=\"fba81c1\" data-element_type=\"widget\" data-widget_type=\"image.default\">\n\t\t\t\t<div class=\"elementor-widget-container\">\n\t\t\t\t\t\t\t\t\t\t\t\t\t\t\t<img loading=\"lazy\" decoding=\"async\" width=\"225\" height=\"300\" src=\"https:\/\/www.solidarischer-hof-wybelsum.de\/wp-content\/uploads\/2022\/11\/IMG_5100klein-225x300.jpg\" class=\"attachment-medium size-medium wp-image-1603\" alt=\"\" srcset=\"https:\/\/www.solidarischer-hof-wybelsum.de\/wp-content\/uploads\/2022\/11\/IMG_5100klein-225x300.jpg 225w, https:\/\/www.solidarischer-hof-wybelsum.de\/wp-content\/uploads\/2022\/11\/IMG_5100klein-rotated.jpg 443w\" sizes=\"auto, (max-width: 225px) 100vw, 225px\" \/>\t\t\t\t\t\t\t\t\t\t\t\t\t\t\t<\/div>\n\t\t\t\t<\/div>\n\t\t\t\t\t<\/div>\n\t\t<\/div>\n\t\t\t\t<div class=\"elementor-column elementor-col-25 elementor-top-column elementor-element elementor-element-7f0eea5\" data-id=\"7f0eea5\" data-element_type=\"column\">\n\t\t\t<div class=\"elementor-widget-wrap elementor-element-populated\">\n\t\t\t\t\t\t\t\t<div class=\"elementor-element elementor-element-2fb0926 elementor-widget elementor-widget-image\" data-id=\"2fb0926\" data-element_type=\"widget\" data-widget_type=\"image.default\">\n\t\t\t\t<div class=\"elementor-widget-container\">\n\t\t\t\t\t\t\t\t\t\t\t\t\t\t\t<img loading=\"lazy\" decoding=\"async\" width=\"225\" height=\"300\" src=\"https:\/\/www.solidarischer-hof-wybelsum.de\/wp-content\/uploads\/2022\/11\/IMG_5102klein-225x300.jpg\" class=\"attachment-medium size-medium wp-image-1604\" alt=\"\" srcset=\"https:\/\/www.solidarischer-hof-wybelsum.de\/wp-content\/uploads\/2022\/11\/IMG_5102klein-225x300.jpg 225w, https:\/\/www.solidarischer-hof-wybelsum.de\/wp-content\/uploads\/2022\/11\/IMG_5102klein-rotated.jpg 443w\" sizes=\"auto, (max-width: 225px) 100vw, 225px\" \/>\t\t\t\t\t\t\t\t\t\t\t\t\t\t\t<\/div>\n\t\t\t\t<\/div>\n\t\t\t\t\t<\/div>\n\t\t<\/div>\n\t\t\t\t\t\t\t<\/div>\n\t\t<\/section>\n\t\t\t\t<section class=\"elementor-section elementor-top-section elementor-element elementor-element-4c379eb elementor-section-boxed elementor-section-height-default elementor-section-height-default\" data-id=\"4c379eb\" data-element_type=\"section\">\n\t\t\t\t\t\t<div class=\"elementor-container elementor-column-gap-default\">\n\t\t\t\t\t<div class=\"elementor-column elementor-col-33 elementor-top-column elementor-element elementor-element-0c37f9d\" data-id=\"0c37f9d\" data-element_type=\"column\">\n\t\t\t<div class=\"elementor-widget-wrap elementor-element-populated\">\n\t\t\t\t\t\t\t\t<div class=\"elementor-element elementor-element-3791fa0 elementor-widget elementor-widget-image\" data-id=\"3791fa0\" data-element_type=\"widget\" data-widget_type=\"image.default\">\n\t\t\t\t<div class=\"elementor-widget-container\">\n\t\t\t\t\t\t\t\t\t\t\t\t<figure class=\"wp-caption\">\n\t\t\t\t\t\t\t\t\t\t<img loading=\"lazy\" decoding=\"async\" width=\"225\" height=\"300\" src=\"https:\/\/www.solidarischer-hof-wybelsum.de\/wp-content\/uploads\/2022\/11\/IMG_20221112_095737klein-225x300.jpg\" class=\"attachment-medium size-medium wp-image-1606\" alt=\"\" srcset=\"https:\/\/www.solidarischer-hof-wybelsum.de\/wp-content\/uploads\/2022\/11\/IMG_20221112_095737klein-225x300.jpg 225w, https:\/\/www.solidarischer-hof-wybelsum.de\/wp-content\/uploads\/2022\/11\/IMG_20221112_095737klein.jpg 443w\" sizes=\"auto, (max-width: 225px) 100vw, 225px\" \/>\t\t\t\t\t\t\t\t\t\t\t<figcaption class=\"widget-image-caption wp-caption-text\">Das Stampfen zerbricht die Zellstruktur des Kohls und zusammen mit dem Salz wird Fl\u00fcssigkeit frei.<\/figcaption>\n\t\t\t\t\t\t\t\t\t\t<\/figure>\n\t\t\t\t\t\t\t\t\t<\/div>\n\t\t\t\t<\/div>\n\t\t\t\t\t<\/div>\n\t\t<\/div>\n\t\t\t\t<div class=\"elementor-column elementor-col-33 elementor-top-column elementor-element elementor-element-137e79d\" data-id=\"137e79d\" data-element_type=\"column\">\n\t\t\t<div class=\"elementor-widget-wrap elementor-element-populated\">\n\t\t\t\t\t\t\t\t<div class=\"elementor-element elementor-element-2c20251 elementor-widget elementor-widget-image\" data-id=\"2c20251\" data-element_type=\"widget\" data-widget_type=\"image.default\">\n\t\t\t\t<div class=\"elementor-widget-container\">\n\t\t\t\t\t\t\t\t\t\t\t\t\t\t\t<img loading=\"lazy\" decoding=\"async\" width=\"225\" height=\"300\" src=\"https:\/\/www.solidarischer-hof-wybelsum.de\/wp-content\/uploads\/2022\/11\/IMG_20221112_103401klein-225x300.jpg\" class=\"attachment-medium size-medium wp-image-1609\" alt=\"\" srcset=\"https:\/\/www.solidarischer-hof-wybelsum.de\/wp-content\/uploads\/2022\/11\/IMG_20221112_103401klein-225x300.jpg 225w, https:\/\/www.solidarischer-hof-wybelsum.de\/wp-content\/uploads\/2022\/11\/IMG_20221112_103401klein.jpg 443w\" sizes=\"auto, (max-width: 225px) 100vw, 225px\" \/>\t\t\t\t\t\t\t\t\t\t\t\t\t\t\t<\/div>\n\t\t\t\t<\/div>\n\t\t\t\t\t<\/div>\n\t\t<\/div>\n\t\t\t\t<div class=\"elementor-column elementor-col-33 elementor-top-column elementor-element elementor-element-83b0211\" data-id=\"83b0211\" data-element_type=\"column\">\n\t\t\t<div class=\"elementor-widget-wrap elementor-element-populated\">\n\t\t\t\t\t\t\t\t<div class=\"elementor-element elementor-element-4c3814f elementor-widget elementor-widget-image\" data-id=\"4c3814f\" data-element_type=\"widget\" data-widget_type=\"image.default\">\n\t\t\t\t<div class=\"elementor-widget-container\">\n\t\t\t\t\t\t\t\t\t\t\t\t<figure class=\"wp-caption\">\n\t\t\t\t\t\t\t\t\t\t<img loading=\"lazy\" decoding=\"async\" width=\"591\" height=\"443\" src=\"https:\/\/www.solidarischer-hof-wybelsum.de\/wp-content\/uploads\/2022\/11\/IMG_20221112_104923klein.jpg\" class=\"attachment-large size-large wp-image-1610\" alt=\"\" srcset=\"https:\/\/www.solidarischer-hof-wybelsum.de\/wp-content\/uploads\/2022\/11\/IMG_20221112_104923klein.jpg 591w, https:\/\/www.solidarischer-hof-wybelsum.de\/wp-content\/uploads\/2022\/11\/IMG_20221112_104923klein-300x225.jpg 300w\" sizes=\"auto, (max-width: 591px) 100vw, 591px\" \/>\t\t\t\t\t\t\t\t\t\t\t<figcaption class=\"widget-image-caption wp-caption-text\">\u00dcber die Abfallreste freuten sich die Rinder.<\/figcaption>\n\t\t\t\t\t\t\t\t\t\t<\/figure>\n\t\t\t\t\t\t\t\t\t<\/div>\n\t\t\t\t<\/div>\n\t\t\t\t\t<\/div>\n\t\t<\/div>\n\t\t\t\t\t\t\t<\/div>\n\t\t<\/section>\n\t\t\t\t\t\t\t<\/div>\n\t\t","protected":false},"excerpt":{"rendered":"<p>Sauerkraut f\u00fcr die Solihof-Mitglieder Samstag, den 12.11.2022: Heute trafen sich 11 Solawi-Mitglieder, um Sauerkraut herzustellen. Insgesamt \u00fcber 200 kg Filderkohl standen zur Verf\u00fcgung. Diese Kohlsorte ist besonders zart und eignet sich daher sehr gut f\u00fcrs Sauerkraut.\u00a0 Die F\u00e4sser und alle Ger\u00e4te zur Herstellung waren sehr sorgf\u00e4ltig gereinigt, denn jede Verunreinigung kann dazu f\u00fchren, dass der G\u00e4rvorgang abgebrochen wird und das&#8230;<\/p>\n","protected":false},"author":1,"featured_media":0,"parent":0,"menu_order":0,"comment_status":"closed","ping_status":"closed","template":"page-templates\/full-width-container.php","meta":{"footnotes":""},"class_list":["post-892","page","type-page","status-publish","hentry"],"_links":{"self":[{"href":"https:\/\/www.solidarischer-hof-wybelsum.de\/index.php?rest_route=\/wp\/v2\/pages\/892","targetHints":{"allow":["GET"]}}],"collection":[{"href":"https:\/\/www.solidarischer-hof-wybelsum.de\/index.php?rest_route=\/wp\/v2\/pages"}],"about":[{"href":"https:\/\/www.solidarischer-hof-wybelsum.de\/index.php?rest_route=\/wp\/v2\/types\/page"}],"author":[{"embeddable":true,"href":"https:\/\/www.solidarischer-hof-wybelsum.de\/index.php?rest_route=\/wp\/v2\/users\/1"}],"replies":[{"embeddable":true,"href":"https:\/\/www.solidarischer-hof-wybelsum.de\/index.php?rest_route=%2Fwp%2Fv2%2Fcomments&post=892"}],"version-history":[{"count":46,"href":"https:\/\/www.solidarischer-hof-wybelsum.de\/index.php?rest_route=\/wp\/v2\/pages\/892\/revisions"}],"predecessor-version":[{"id":2870,"href":"https:\/\/www.solidarischer-hof-wybelsum.de\/index.php?rest_route=\/wp\/v2\/pages\/892\/revisions\/2870"}],"wp:attachment":[{"href":"https:\/\/www.solidarischer-hof-wybelsum.de\/index.php?rest_route=%2Fwp%2Fv2%2Fmedia&parent=892"}],"curies":[{"name":"wp","href":"https:\/\/api.w.org\/{rel}","templated":true}]}}