{"id":79,"date":"2022-08-31T07:54:24","date_gmt":"2022-08-31T05:54:24","guid":{"rendered":"http:\/\/localhost\/solilawi\/?page_id=79"},"modified":"2022-11-13T17:47:46","modified_gmt":"2022-11-13T16:47:46","slug":"solidarische-landwirtschaft","status":"publish","type":"page","link":"https:\/\/www.solidarischer-hof-wybelsum.de\/?page_id=79","title":{"rendered":"Solidarische Landwirtschaft"},"content":{"rendered":"\t\t<div data-elementor-type=\"wp-page\" data-elementor-id=\"79\" class=\"elementor elementor-79\">\n\t\t\t\t\t\t\t\t\t<section class=\"elementor-section elementor-top-section elementor-element elementor-element-1a0db601 elementor-section-boxed elementor-section-height-default elementor-section-height-default\" data-id=\"1a0db601\" data-element_type=\"section\">\n\t\t\t\t\t\t<div class=\"elementor-container elementor-column-gap-default\">\n\t\t\t\t\t<div class=\"elementor-column elementor-col-100 elementor-top-column elementor-element elementor-element-478a04c6\" data-id=\"478a04c6\" data-element_type=\"column\">\n\t\t\t<div class=\"elementor-widget-wrap elementor-element-populated\">\n\t\t\t\t\t\t\t\t<div class=\"elementor-element elementor-element-2cc7de91 elementor-widget elementor-widget-text-editor\" data-id=\"2cc7de91\" data-element_type=\"widget\" data-widget_type=\"text-editor.default\">\n\t\t\t\t<div class=\"elementor-widget-container\">\n\t\t\t<style>\/*! elementor - v3.16.0 - 09-10-2023 *\/\n.elementor-widget-text-editor.elementor-drop-cap-view-stacked .elementor-drop-cap{background-color:#69727d;color:#fff}.elementor-widget-text-editor.elementor-drop-cap-view-framed .elementor-drop-cap{color:#69727d;border:3px solid;background-color:transparent}.elementor-widget-text-editor:not(.elementor-drop-cap-view-default) .elementor-drop-cap{margin-top:8px}.elementor-widget-text-editor:not(.elementor-drop-cap-view-default) .elementor-drop-cap-letter{width:1em;height:1em}.elementor-widget-text-editor .elementor-drop-cap{float:left;text-align:center;line-height:1;font-size:50px}.elementor-widget-text-editor .elementor-drop-cap-letter{display:inline-block}<\/style>\t\t\t\t<!-- wp:metaslider\/slider {\"slideshowId\":116} -->\n<div class=\"alignnormal\"><div id=\"metaslider-id-116\" style=\"width: 100%;\" class=\"ml-slider-3-33-0 metaslider metaslider-flex metaslider-116 ml-slider ms-theme-bubble has-dots-nav\" role=\"region\" aria-roledescription=\"Slideshow\" aria-label=\"New Slideshow\">\n    <div id=\"metaslider_container_116\">\n        <div id=\"metaslider_116\">\n            <ul aria-live=\"polite\" class=\"slides\">\n                <li style=\"display: block; width: 100%;\" class=\"slide-120 ms-image\" aria-roledescription=\"slide\" aria-label=\"slide-120\"><img loading=\"lazy\" decoding=\"async\" src=\"https:\/\/www.solidarischer-hof-wybelsum.de\/wp-content\/uploads\/2022\/08\/ATE_2705-scaled-1200x700.jpg\" height=\"700\" width=\"1200\" alt=\"\" class=\"slider-116 slide-120\" title=\"ATE_2705\" \/><\/li>\n            <\/ul>\n        <\/div>\n        \n    <\/div>\n<\/div><\/div>\n<!-- \/wp:metaslider\/slider --><!-- wp:heading {\"level\":3} -->\n<h3>Landwirtschaft mit Zukunft<\/h3>\n<!-- \/wp:heading --><!-- wp:image {\"align\":\"right\"} -->\n<figure class=\"wp-block-image alignright\"><img decoding=\"async\" src=\"https:\/\/www.solidarischer-hof-wybelsum.de\/fileadmin\/_processed_\/d\/2\/csm_ATE_2552A_13df109a5a.jpg\" alt=\"\" \/><\/figure>\n<!-- \/wp:image --><!-- wp:paragraph -->\n<p>Solidarische Landwirtschaft bedeutet f\u00fcr uns, die einzige zukunftsf\u00e4hige M\u00f6glichkeit kleinb\u00e4uerliche Betriebe zu erhalten und m\u00f6glichst viele Menschen mit gesunden Lebensmitteln zu versorgen.<\/p>\n<!-- \/wp:paragraph --><!-- wp:paragraph -->\n<p>Die Lebensmittel werden nicht mehr einzeln vermarktet, sondern der Hof wird als Projekt unterst\u00fctzt. Im Gegenzug bekommt jedes Solawi-Mitglied einen Ernteanteil.<\/p>\n<!-- \/wp:paragraph --><!-- wp:paragraph -->\n<p>Das bedeutet f\u00fcr die Mitglieder:<\/p>\n<!-- \/wp:paragraph --><!-- wp:list -->\n<ul>\n<li>Ihr bekommt saisonales frisches Demeter-Gem\u00fcse aus der Region<\/li>\n<li>Transparenz, was die Anbauweise und sonstige Kosten anbelangt<\/li>\n<li>Ihr unterst\u00fctzt eine gute und gesunde Landwirtschaft<\/li>\n<li>Ihr tragt dazu bei, dass in der Landwirtschaft ein fairer Lohn gezahlt werden kann<\/li>\n<li>Ihr k\u00f6nnt mitgestalten und miterleben<\/li>\n<\/ul>\n<!-- \/wp:list --><!-- wp:paragraph -->\n<p>\u00a0<\/p>\n<!-- \/wp:paragraph --><!-- wp:paragraph -->\n<p>Das bedeutet f\u00fcr den Hof:<\/p>\n<!-- \/wp:paragraph --><!-- wp:list -->\n<ul>\n<li>Geteiltes Risiko in Bezug auf Ernteschwankungen in schwierigen Jahren<\/li>\n<li>Weniger Ausschuss beim Gem\u00fcse &#8211; auch krumme Gurken schmecken gut!<\/li>\n<li>Unterst\u00fctzung durch Solawi-Mitglieder bei Erntespitzen<\/li>\n<li>Es ist sch\u00f6n zu wissen, f\u00fcr wen wir das Gem\u00fcse anbauen<\/li>\n<\/ul>\n<!-- \/wp:list --><!-- wp:paragraph -->\n<p>Wir haben im Juli 2018 eine Solidarische Hofgemeinschaft gegr\u00fcndet. Da der betriebliche Ablauf mitwachsen muss, konnten wir zun\u00e4chst lediglich 30 Ernteanteile vergeben. Zur Zeit sind \u00fcber 50 Ernteanteile vergeben und wir m\u00f6chten gerne noch weitere Mitglieder aufnehmen.<\/p>\n<!-- \/wp:paragraph -->\t\t\t\t\t\t<\/div>\n\t\t\t\t<\/div>\n\t\t\t\t\t<\/div>\n\t\t<\/div>\n\t\t\t\t\t\t\t<\/div>\n\t\t<\/section>\n\t\t\t\t\t\t\t<\/div>\n\t\t","protected":false},"excerpt":{"rendered":"<p>Landwirtschaft mit Zukunft Solidarische Landwirtschaft bedeutet f\u00fcr uns, die einzige zukunftsf\u00e4hige M\u00f6glichkeit kleinb\u00e4uerliche Betriebe zu erhalten und m\u00f6glichst viele Menschen mit gesunden Lebensmitteln zu versorgen. Die Lebensmittel werden nicht mehr einzeln vermarktet, sondern der Hof wird als Projekt unterst\u00fctzt. Im Gegenzug bekommt jedes Solawi-Mitglied einen Ernteanteil. Das bedeutet f\u00fcr die Mitglieder: Ihr bekommt saisonales frisches Demeter-Gem\u00fcse aus der Region Transparenz,&#8230;<\/p>\n","protected":false},"author":1,"featured_media":0,"parent":0,"menu_order":0,"comment_status":"closed","ping_status":"closed","template":"page-templates\/full-width-container.php","meta":{"footnotes":""},"class_list":["post-79","page","type-page","status-publish","hentry"],"_links":{"self":[{"href":"https:\/\/www.solidarischer-hof-wybelsum.de\/index.php?rest_route=\/wp\/v2\/pages\/79","targetHints":{"allow":["GET"]}}],"collection":[{"href":"https:\/\/www.solidarischer-hof-wybelsum.de\/index.php?rest_route=\/wp\/v2\/pages"}],"about":[{"href":"https:\/\/www.solidarischer-hof-wybelsum.de\/index.php?rest_route=\/wp\/v2\/types\/page"}],"author":[{"embeddable":true,"href":"https:\/\/www.solidarischer-hof-wybelsum.de\/index.php?rest_route=\/wp\/v2\/users\/1"}],"replies":[{"embeddable":true,"href":"https:\/\/www.solidarischer-hof-wybelsum.de\/index.php?rest_route=%2Fwp%2Fv2%2Fcomments&post=79"}],"version-history":[{"count":15,"href":"https:\/\/www.solidarischer-hof-wybelsum.de\/index.php?rest_route=\/wp\/v2\/pages\/79\/revisions"}],"predecessor-version":[{"id":1644,"href":"https:\/\/www.solidarischer-hof-wybelsum.de\/index.php?rest_route=\/wp\/v2\/pages\/79\/revisions\/1644"}],"wp:attachment":[{"href":"https:\/\/www.solidarischer-hof-wybelsum.de\/index.php?rest_route=%2Fwp%2Fv2%2Fmedia&parent=79"}],"curies":[{"name":"wp","href":"https:\/\/api.w.org\/{rel}","templated":true}]}}