{"id":685,"date":"2022-09-14T17:26:42","date_gmt":"2022-09-14T15:26:42","guid":{"rendered":"https:\/\/localhost\/solilawi\/?page_id=685"},"modified":"2023-01-04T11:23:04","modified_gmt":"2023-01-04T10:23:04","slug":"solidarische-hofgemeinschaft-wybelsum","status":"publish","type":"page","link":"https:\/\/www.solidarischer-hof-wybelsum.de\/?page_id=685","title":{"rendered":"Solidarische Hofgemeinschaft Wybelsum"},"content":{"rendered":"\t\t<div data-elementor-type=\"wp-page\" data-elementor-id=\"685\" class=\"elementor elementor-685\">\n\t\t\t\t\t\t\t\t\t<section class=\"elementor-section elementor-top-section elementor-element elementor-element-3c4e32c elementor-section-boxed elementor-section-height-default elementor-section-height-default\" data-id=\"3c4e32c\" data-element_type=\"section\">\n\t\t\t\t\t\t<div class=\"elementor-container elementor-column-gap-default\">\n\t\t\t\t\t<div class=\"elementor-column elementor-col-100 elementor-top-column elementor-element elementor-element-dda93df\" data-id=\"dda93df\" data-element_type=\"column\">\n\t\t\t<div class=\"elementor-widget-wrap elementor-element-populated\">\n\t\t\t\t\t\t\t\t<div class=\"elementor-element elementor-element-eba0d1f elementor-widget elementor-widget-heading\" data-id=\"eba0d1f\" data-element_type=\"widget\" data-widget_type=\"heading.default\">\n\t\t\t\t<div class=\"elementor-widget-container\">\n\t\t\t<style>\/*! elementor - v3.16.0 - 09-10-2023 *\/\n.elementor-heading-title{padding:0;margin:0;line-height:1}.elementor-widget-heading .elementor-heading-title[class*=elementor-size-]>a{color:inherit;font-size:inherit;line-height:inherit}.elementor-widget-heading .elementor-heading-title.elementor-size-small{font-size:15px}.elementor-widget-heading .elementor-heading-title.elementor-size-medium{font-size:19px}.elementor-widget-heading .elementor-heading-title.elementor-size-large{font-size:29px}.elementor-widget-heading .elementor-heading-title.elementor-size-xl{font-size:39px}.elementor-widget-heading .elementor-heading-title.elementor-size-xxl{font-size:59px}<\/style><h2 class=\"elementor-heading-title elementor-size-default\">Die Solidarische Hofgemeinschaft Wybelsum<\/h2>\t\t<\/div>\n\t\t\t\t<\/div>\n\t\t\t\t\t<\/div>\n\t\t<\/div>\n\t\t\t\t\t\t\t<\/div>\n\t\t<\/section>\n\t\t\t\t<section class=\"elementor-section elementor-top-section elementor-element elementor-element-f90fea6 elementor-section-boxed elementor-section-height-default elementor-section-height-default\" data-id=\"f90fea6\" data-element_type=\"section\">\n\t\t\t\t\t\t<div class=\"elementor-container elementor-column-gap-default\">\n\t\t\t\t\t<div class=\"elementor-column elementor-col-100 elementor-top-column elementor-element elementor-element-8d21674\" data-id=\"8d21674\" data-element_type=\"column\">\n\t\t\t<div class=\"elementor-widget-wrap elementor-element-populated\">\n\t\t\t\t\t\t\t\t<section class=\"elementor-section elementor-inner-section elementor-element elementor-element-fec5752 elementor-section-boxed elementor-section-height-default elementor-section-height-default\" data-id=\"fec5752\" data-element_type=\"section\">\n\t\t\t\t\t\t<div class=\"elementor-container elementor-column-gap-default\">\n\t\t\t\t\t<div class=\"elementor-column elementor-col-50 elementor-inner-column elementor-element elementor-element-bc62e74\" data-id=\"bc62e74\" data-element_type=\"column\">\n\t\t\t<div class=\"elementor-widget-wrap elementor-element-populated\">\n\t\t\t\t\t\t\t\t<div class=\"elementor-element elementor-element-ee375c3 elementor-widget elementor-widget-text-editor\" data-id=\"ee375c3\" data-element_type=\"widget\" data-widget_type=\"text-editor.default\">\n\t\t\t\t<div class=\"elementor-widget-container\">\n\t\t\t<style>\/*! elementor - v3.16.0 - 09-10-2023 *\/\n.elementor-widget-text-editor.elementor-drop-cap-view-stacked .elementor-drop-cap{background-color:#69727d;color:#fff}.elementor-widget-text-editor.elementor-drop-cap-view-framed .elementor-drop-cap{color:#69727d;border:3px solid;background-color:transparent}.elementor-widget-text-editor:not(.elementor-drop-cap-view-default) .elementor-drop-cap{margin-top:8px}.elementor-widget-text-editor:not(.elementor-drop-cap-view-default) .elementor-drop-cap-letter{width:1em;height:1em}.elementor-widget-text-editor .elementor-drop-cap{float:left;text-align:center;line-height:1;font-size:50px}.elementor-widget-text-editor .elementor-drop-cap-letter{display:inline-block}<\/style>\t\t\t\t<p>Bei uns gibt es das gesamte Jahr \u00fcber frisches, regionales Biogem\u00fcse in Demeter-Qualit\u00e4t.<\/p><p>Das Erntejahr beginnt im April und endet im darauffolgenden Jahr im M\u00e4rz. Ab 2024 beginnt das Erntejahr am 1. Januar und es endet am 31.12.2024. Daher umfasst das Erntejahr 2023 nur neun Monate und endet am 31.12.2023.<\/p><p>Das Gem\u00fcse kann 1x w\u00f6chentlich auf unserem Hof abgeholt werden. Es besteht die M\u00f6glichkeit, sich in Abholgemeinschaften zu organisieren.\u00a0<\/p>\t\t\t\t\t\t<\/div>\n\t\t\t\t<\/div>\n\t\t\t\t\t<\/div>\n\t\t<\/div>\n\t\t\t\t<div class=\"elementor-column elementor-col-50 elementor-inner-column elementor-element elementor-element-d84b59d\" data-id=\"d84b59d\" data-element_type=\"column\">\n\t\t\t<div class=\"elementor-widget-wrap elementor-element-populated\">\n\t\t\t\t\t\t\t\t<div class=\"elementor-element elementor-element-b4cb86c elementor-widget elementor-widget-text-editor\" data-id=\"b4cb86c\" data-element_type=\"widget\" data-widget_type=\"text-editor.default\">\n\t\t\t\t<div class=\"elementor-widget-container\">\n\t\t\t\t\t\t\t<p>Der Mitgliedsbeitrag wird in einer Bieterrunde festgelegt. Wer wenig Eink\u00fcnfte hat, bietet weniger, wer ein hohes Einkommen hat, kann wiederum anderen durch ein h\u00f6heres Gebot das Mitmachen erm\u00f6glichen.<\/p><p>Unsere Gemeinschaft ist das, was die Mitglieder daraus machen. Derzeit haben wir keine festen HelferInnenstunden, aber wir freuen uns \u00fcber jede Mithilfe.<\/p>\t\t\t\t\t\t<\/div>\n\t\t\t\t<\/div>\n\t\t\t\t\t<\/div>\n\t\t<\/div>\n\t\t\t\t\t\t\t<\/div>\n\t\t<\/section>\n\t\t\t\t\t<\/div>\n\t\t<\/div>\n\t\t\t\t\t\t\t<\/div>\n\t\t<\/section>\n\t\t\t\t\t\t\t<\/div>\n\t\t","protected":false},"excerpt":{"rendered":"<p>Die Solidarische Hofgemeinschaft Wybelsum Bei uns gibt es das gesamte Jahr \u00fcber frisches, regionales Biogem\u00fcse in Demeter-Qualit\u00e4t. Das Erntejahr beginnt im April und endet im darauffolgenden Jahr im M\u00e4rz. Ab 2024 beginnt das Erntejahr am 1. Januar und es endet am 31.12.2024. Daher umfasst das Erntejahr 2023 nur neun Monate und endet am 31.12.2023. Das Gem\u00fcse kann 1x w\u00f6chentlich auf&#8230;<\/p>\n","protected":false},"author":1,"featured_media":0,"parent":0,"menu_order":0,"comment_status":"closed","ping_status":"closed","template":"page-templates\/full-width-container.php","meta":{"footnotes":""},"class_list":["post-685","page","type-page","status-publish","hentry"],"_links":{"self":[{"href":"https:\/\/www.solidarischer-hof-wybelsum.de\/index.php?rest_route=\/wp\/v2\/pages\/685","targetHints":{"allow":["GET"]}}],"collection":[{"href":"https:\/\/www.solidarischer-hof-wybelsum.de\/index.php?rest_route=\/wp\/v2\/pages"}],"about":[{"href":"https:\/\/www.solidarischer-hof-wybelsum.de\/index.php?rest_route=\/wp\/v2\/types\/page"}],"author":[{"embeddable":true,"href":"https:\/\/www.solidarischer-hof-wybelsum.de\/index.php?rest_route=\/wp\/v2\/users\/1"}],"replies":[{"embeddable":true,"href":"https:\/\/www.solidarischer-hof-wybelsum.de\/index.php?rest_route=%2Fwp%2Fv2%2Fcomments&post=685"}],"version-history":[{"count":14,"href":"https:\/\/www.solidarischer-hof-wybelsum.de\/index.php?rest_route=\/wp\/v2\/pages\/685\/revisions"}],"predecessor-version":[{"id":1831,"href":"https:\/\/www.solidarischer-hof-wybelsum.de\/index.php?rest_route=\/wp\/v2\/pages\/685\/revisions\/1831"}],"wp:attachment":[{"href":"https:\/\/www.solidarischer-hof-wybelsum.de\/index.php?rest_route=%2Fwp%2Fv2%2Fmedia&parent=685"}],"curies":[{"name":"wp","href":"https:\/\/api.w.org\/{rel}","templated":true}]}}