{"id":1347,"date":"2022-10-11T09:02:47","date_gmt":"2022-10-11T07:02:47","guid":{"rendered":"https:\/\/localhost\/solilawi\/?page_id=1347"},"modified":"2022-10-11T09:13:08","modified_gmt":"2022-10-11T07:13:08","slug":"werde-mitglied-in-der-hofgemeinschaft","status":"publish","type":"page","link":"https:\/\/www.solidarischer-hof-wybelsum.de\/?page_id=1347","title":{"rendered":"Werde Mitglied in der Hofgemeinschaft!"},"content":{"rendered":"\t\t<div data-elementor-type=\"wp-page\" data-elementor-id=\"1347\" class=\"elementor elementor-1347\">\n\t\t\t\t\t\t\t\t\t<section class=\"elementor-section elementor-top-section elementor-element elementor-element-7c4f7cf elementor-section-boxed elementor-section-height-default elementor-section-height-default\" data-id=\"7c4f7cf\" data-element_type=\"section\">\n\t\t\t\t\t\t<div class=\"elementor-container elementor-column-gap-default\">\n\t\t\t\t\t<div class=\"elementor-column elementor-col-100 elementor-top-column elementor-element elementor-element-638340b2\" data-id=\"638340b2\" data-element_type=\"column\">\n\t\t\t<div class=\"elementor-widget-wrap elementor-element-populated\">\n\t\t\t\t\t\t\t\t<div class=\"elementor-element elementor-element-8e70e3 elementor-widget elementor-widget-text-editor\" data-id=\"8e70e3\" data-element_type=\"widget\" data-widget_type=\"text-editor.default\">\n\t\t\t\t<div class=\"elementor-widget-container\">\n\t\t\t<style>\/*! elementor - v3.16.0 - 09-10-2023 *\/\n.elementor-widget-text-editor.elementor-drop-cap-view-stacked .elementor-drop-cap{background-color:#69727d;color:#fff}.elementor-widget-text-editor.elementor-drop-cap-view-framed .elementor-drop-cap{color:#69727d;border:3px solid;background-color:transparent}.elementor-widget-text-editor:not(.elementor-drop-cap-view-default) .elementor-drop-cap{margin-top:8px}.elementor-widget-text-editor:not(.elementor-drop-cap-view-default) .elementor-drop-cap-letter{width:1em;height:1em}.elementor-widget-text-editor .elementor-drop-cap{float:left;text-align:center;line-height:1;font-size:50px}.elementor-widget-text-editor .elementor-drop-cap-letter{display:inline-block}<\/style>\t\t\t\t<!-- wp:heading -->\n<h2>Werde Mitglied in der Hofgemeinschaft!<\/h2>\n<!-- \/wp:heading -->\t\t\t\t\t\t<\/div>\n\t\t\t\t<\/div>\n\t\t\t\t\t<\/div>\n\t\t<\/div>\n\t\t\t\t\t\t\t<\/div>\n\t\t<\/section>\n\t\t\t\t<section class=\"elementor-section elementor-top-section elementor-element elementor-element-6ea0fc5 elementor-section-boxed elementor-section-height-default elementor-section-height-default\" data-id=\"6ea0fc5\" data-element_type=\"section\">\n\t\t\t\t\t\t<div class=\"elementor-container elementor-column-gap-default\">\n\t\t\t\t\t<div class=\"elementor-column elementor-col-33 elementor-top-column elementor-element elementor-element-b0a4a34\" data-id=\"b0a4a34\" data-element_type=\"column\">\n\t\t\t<div class=\"elementor-widget-wrap elementor-element-populated\">\n\t\t\t\t\t\t\t\t<div class=\"elementor-element elementor-element-3a5f650 elementor-widget elementor-widget-text-editor\" data-id=\"3a5f650\" data-element_type=\"widget\" data-widget_type=\"text-editor.default\">\n\t\t\t\t<div class=\"elementor-widget-container\">\n\t\t\t\t\t\t\t<p>Unsere solidarische Hofgemeinschaft tr\u00e4gt mit ihrem monatlichen Beitrag zu ca. 70% die Produktions- und Personalkosten. Als Gegenleistung erhalten die Mitglieder Demeter-Gem\u00fcse aus dem Anbau.<\/p>\n<p>Im laufenden Ackerjahr 2022\/23 erh\u00e4lt man f\u00fcr monatlich ca. 120 \u20ac einen Ernteanteil pro Woche. Dieser Ernteanteil reicht f\u00fcr 1 bis 2 Personen und beinhaltet haupts\u00e4chlich saisonales Gem\u00fcse vom Solihof Wybelsum. Ab und zu gibt es auch Getreide und veredeltes Gem\u00fcse, wie z.B. Sauerkraut, Chutneys, Ketchup.<\/p>\t\t\t\t\t\t<\/div>\n\t\t\t\t<\/div>\n\t\t\t\t\t<\/div>\n\t\t<\/div>\n\t\t\t\t<div class=\"elementor-column elementor-col-33 elementor-top-column elementor-element elementor-element-974f146\" data-id=\"974f146\" data-element_type=\"column\">\n\t\t\t<div class=\"elementor-widget-wrap elementor-element-populated\">\n\t\t\t\t\t\t\t\t<div class=\"elementor-element elementor-element-51c5911 elementor-widget elementor-widget-text-editor\" data-id=\"51c5911\" data-element_type=\"widget\" data-widget_type=\"text-editor.default\">\n\t\t\t\t<div class=\"elementor-widget-container\">\n\t\t\t\t\t\t\t<p>Das veredelte Gem\u00fcse kommt von unseren Mitgliedern. Wenn sich jemand bereit erkl\u00e4rt, Ernte\u00fcbersch\u00fcsse zu verarbeiten, freuen sich alle.<\/p>\n<p>Unsere Hofgemeinschaft soll, kann und darf (muss aber nicht!) von allen mitgestaltet werden und w\u00e4chst ganz nat\u00fcrlich mit den Mitgliedern.<\/p>\t\t\t\t\t\t<\/div>\n\t\t\t\t<\/div>\n\t\t\t\t\t<\/div>\n\t\t<\/div>\n\t\t\t\t<div class=\"elementor-column elementor-col-33 elementor-top-column elementor-element elementor-element-4f4fce7\" data-id=\"4f4fce7\" data-element_type=\"column\">\n\t\t\t<div class=\"elementor-widget-wrap elementor-element-populated\">\n\t\t\t\t\t\t\t\t<div class=\"elementor-element elementor-element-0f9ed0b elementor-widget elementor-widget-image\" data-id=\"0f9ed0b\" data-element_type=\"widget\" data-widget_type=\"image.default\">\n\t\t\t\t<div class=\"elementor-widget-container\">\n\t\t\t<style>\/*! elementor - v3.16.0 - 09-10-2023 *\/\n.elementor-widget-image{text-align:center}.elementor-widget-image a{display:inline-block}.elementor-widget-image a img[src$=\".svg\"]{width:48px}.elementor-widget-image img{vertical-align:middle;display:inline-block}<\/style>\t\t\t\t\t\t\t\t\t\t\t\t<img loading=\"lazy\" decoding=\"async\" width=\"640\" height=\"934\" src=\"https:\/\/www.solidarischer-hof-wybelsum.de\/wp-content\/uploads\/2022\/09\/IMG_4793_klein-702x1024.jpg\" class=\"attachment-large size-large wp-image-520\" alt=\"\" srcset=\"https:\/\/www.solidarischer-hof-wybelsum.de\/wp-content\/uploads\/2022\/09\/IMG_4793_klein-702x1024.jpg 702w, https:\/\/www.solidarischer-hof-wybelsum.de\/wp-content\/uploads\/2022\/09\/IMG_4793_klein-206x300.jpg 206w, https:\/\/www.solidarischer-hof-wybelsum.de\/wp-content\/uploads\/2022\/09\/IMG_4793_klein-768x1120.jpg 768w, https:\/\/www.solidarischer-hof-wybelsum.de\/wp-content\/uploads\/2022\/09\/IMG_4793_klein-1053x1536.jpg 1053w, https:\/\/www.solidarischer-hof-wybelsum.de\/wp-content\/uploads\/2022\/09\/IMG_4793_klein.jpg 1111w\" sizes=\"auto, (max-width: 640px) 100vw, 640px\" \/>\t\t\t\t\t\t\t\t\t\t\t\t\t\t\t<\/div>\n\t\t\t\t<\/div>\n\t\t\t\t\t<\/div>\n\t\t<\/div>\n\t\t\t\t\t\t\t<\/div>\n\t\t<\/section>\n\t\t\t\t\t\t\t<\/div>\n\t\t","protected":false},"excerpt":{"rendered":"<p>Werde Mitglied in der Hofgemeinschaft! Unsere solidarische Hofgemeinschaft tr\u00e4gt mit ihrem monatlichen Beitrag zu ca. 70% die Produktions- und Personalkosten. Als Gegenleistung erhalten die Mitglieder Demeter-Gem\u00fcse aus dem Anbau. Im laufenden Ackerjahr 2022\/23 erh\u00e4lt man f\u00fcr monatlich ca. 120 \u20ac einen Ernteanteil pro Woche. Dieser Ernteanteil reicht f\u00fcr 1 bis 2 Personen und beinhaltet haupts\u00e4chlich saisonales Gem\u00fcse vom Solihof Wybelsum&#8230;.<\/p>\n","protected":false},"author":1,"featured_media":0,"parent":0,"menu_order":0,"comment_status":"closed","ping_status":"closed","template":"","meta":{"footnotes":""},"class_list":["post-1347","page","type-page","status-publish","hentry"],"_links":{"self":[{"href":"https:\/\/www.solidarischer-hof-wybelsum.de\/index.php?rest_route=\/wp\/v2\/pages\/1347","targetHints":{"allow":["GET"]}}],"collection":[{"href":"https:\/\/www.solidarischer-hof-wybelsum.de\/index.php?rest_route=\/wp\/v2\/pages"}],"about":[{"href":"https:\/\/www.solidarischer-hof-wybelsum.de\/index.php?rest_route=\/wp\/v2\/types\/page"}],"author":[{"embeddable":true,"href":"https:\/\/www.solidarischer-hof-wybelsum.de\/index.php?rest_route=\/wp\/v2\/users\/1"}],"replies":[{"embeddable":true,"href":"https:\/\/www.solidarischer-hof-wybelsum.de\/index.php?rest_route=%2Fwp%2Fv2%2Fcomments&post=1347"}],"version-history":[{"count":10,"href":"https:\/\/www.solidarischer-hof-wybelsum.de\/index.php?rest_route=\/wp\/v2\/pages\/1347\/revisions"}],"predecessor-version":[{"id":1357,"href":"https:\/\/www.solidarischer-hof-wybelsum.de\/index.php?rest_route=\/wp\/v2\/pages\/1347\/revisions\/1357"}],"wp:attachment":[{"href":"https:\/\/www.solidarischer-hof-wybelsum.de\/index.php?rest_route=%2Fwp%2Fv2%2Fmedia&parent=1347"}],"curies":[{"name":"wp","href":"https:\/\/api.w.org\/{rel}","templated":true}]}}